{"id":987512578,"date":"2024-06-02T17:16:53","date_gmt":"2024-06-02T23:16:53","guid":{"rendered":"https:\/\/zandoyo.com\/resenas-24\/"},"modified":"2025-08-11T21:33:09","modified_gmt":"2025-08-12T03:33:09","slug":"mejores-hoteles-en-puerto-escondido","status":"publish","type":"page","link":"https:\/\/zandoyo.com\/es\/mejores-hoteles-en-puerto-escondido\/","title":{"rendered":"Rese\u00f1as"},"content":{"rendered":"<p>[et_pb_section fb_built=\u00bb1&#8243; custom_padding_last_edited=\u00bbon|tablet\u00bb _builder_version=\u00bb4.27.4&#8243; _module_preset=\u00bbdefault\u00bb use_background_color_gradient=\u00bbon\u00bb background_color_gradient_direction=\u00bb360deg\u00bb background_color_gradient_stops=\u00bb#ffffff 0%|rgba(255, 255, 255, 0.34) 29%|rgba(255,255,255,0) 100%\u00bb background_color_gradient_overlays_image=\u00bbon\u00bb background_image=\u00bbhttps:\/\/zandoyo.com\/wp-content\/uploads\/2024\/07\/guests-terraza-3.jpg\u00bb min_height=\u00bb500px\u00bb min_height_tablet=\u00bb275px\u00bb min_height_phone=\u00bb240px\u00bb min_height_last_edited=\u00bbon|desktop\u00bb height_tablet=\u00bb\u00bb height_phone=\u00bb130px\u00bb height_last_edited=\u00bbon|phone\u00bb custom_padding=\u00bb20px||||false|false\u00bb custom_padding_tablet=\u00bb0px|0px|0px|0px|false|false\u00bb custom_padding_phone=\u00bb0px|0px||0px|false|false\u00bb locked=\u00bboff\u00bb global_colors_info=\u00bb{}\u00bb][et_pb_row custom_padding_last_edited=\u00bbon|tablet\u00bb _builder_version=\u00bb4.24.0&#8243; _module_preset=\u00bbdefault\u00bb width_tablet=\u00bb\u00bb width_phone=\u00bb90%\u00bb width_last_edited=\u00bbon|phone\u00bb custom_padding=\u00bb||122px|||\u00bb custom_padding_tablet=\u00bb10px||0px||false|false\u00bb custom_padding_phone=\u00bb0px||||false|false\u00bb global_colors_info=\u00bb{}\u00bb][et_pb_column type=\u00bb4_4&#8243; _builder_version=\u00bb4.24.0&#8243; _module_preset=\u00bbdefault\u00bb global_colors_info=\u00bb{}\u00bb][et_pb_text _builder_version=\u00bb4.26.0&#8243; _module_preset=\u00bbdefault\u00bb header_font=\u00bbAlbert Sans|600|||||||\u00bb header_text_color=\u00bb#FFFFFF\u00bb header_font_size=\u00bb48px\u00bb custom_padding_tablet=\u00bb\u00bb custom_padding_phone=\u00bb20px||||false|false\u00bb custom_padding_last_edited=\u00bbon|phone\u00bb header_font_tablet=\u00bbAlbert Sans||||||||\u00bb header_font_phone=\u00bbAlbert Sans|600|||||||\u00bb header_font_last_edited=\u00bbon|phone\u00bb header_font_size_tablet=\u00bb38px\u00bb header_font_size_phone=\u00bb25px\u00bb header_font_size_last_edited=\u00bbon|tablet\u00bb header_line_height_tablet=\u00bb\u00bb header_line_height_phone=\u00bb1.3em\u00bb header_line_height_last_edited=\u00bbon|phone\u00bb global_colors_info=\u00bb{}\u00bb]<\/p>\n<h1>&#8216;Uno de los mejores hoteles en Puerto Escondido&#8217;<\/h1>\n<p>[\/et_pb_text][\/et_pb_column][\/et_pb_row][\/et_pb_section][et_pb_section fb_built=\u00bb1&#8243; custom_padding_last_edited=\u00bbon|tablet\u00bb _builder_version=\u00bb4.24.0&#8243; _module_preset=\u00bbdefault\u00bb custom_margin_tablet=\u00bb0px||||false|false\u00bb custom_margin_phone=\u00bb0px||||false|false\u00bb custom_margin_last_edited=\u00bbon|tablet\u00bb custom_padding_tablet=\u00bb0px||||false|false\u00bb custom_padding_phone=\u00bb0px||||false|false\u00bb global_colors_info=\u00bb{}\u00bb][et_pb_row column_structure=\u00bb2_3,1_3&#8243; custom_padding_last_edited=\u00bbon|phone\u00bb _builder_version=\u00bb4.24.0&#8243; _module_preset=\u00bbdefault\u00bb width_tablet=\u00bb90%\u00bb width_phone=\u00bb90%\u00bb width_last_edited=\u00bbon|tablet\u00bb custom_margin_tablet=\u00bb\u00bb custom_margin_phone=\u00bb\u00bb custom_margin_last_edited=\u00bbon|phone\u00bb custom_padding=\u00bb0px||||false|false\u00bb custom_padding_tablet=\u00bb20px||||false|false\u00bb custom_padding_phone=\u00bb0px||||false|false\u00bb global_colors_info=\u00bb{}\u00bb][et_pb_column type=\u00bb2_3&#8243; _builder_version=\u00bb4.24.0&#8243; _module_preset=\u00bbdefault\u00bb global_colors_info=\u00bb{}\u00bb][et_pb_text _builder_version=\u00bb4.27.4&#8243; text_font=\u00bb||||||||\u00bb text_font_size=\u00bb16px\u00bb text_line_height=\u00bb2em\u00bb header_font=\u00bbOpen Sans||||||||\u00bb header_2_font=\u00bbOpen Sans|500|||||||\u00bb header_2_text_color=\u00bb#FFFFFF\u00bb header_2_font_size=\u00bb30px\u00bb header_2_line_height=\u00bb1.2em\u00bb header_6_font=\u00bbRaleway|700||on|||||\u00bb header_6_font_size=\u00bb16px\u00bb header_6_letter_spacing=\u00bb5px\u00bb header_6_line_height=\u00bb1.8em\u00bb background_color=\u00bb#9B4837&#8243; max_width=\u00bb800px\u00bb custom_margin_tablet=\u00bb\u00bb custom_margin_phone=\u00bb16px||||false|false\u00bb custom_margin_last_edited=\u00bbon|phone\u00bb custom_padding=\u00bb6px|||20px|false|false\u00bb custom_padding_tablet=\u00bb6px||||false|false\u00bb custom_padding_phone=\u00bb6px||||false|false\u00bb custom_padding_last_edited=\u00bbon|phone\u00bb header_2_font_size_tablet=\u00bb30px\u00bb header_2_font_size_phone=\u00bb22px\u00bb header_2_font_size_last_edited=\u00bbon|phone\u00bb header_2_line_height_tablet=\u00bb1.2em\u00bb header_2_line_height_phone=\u00bb1em\u00bb header_2_line_height_last_edited=\u00bbon|phone\u00bb locked=\u00bboff\u00bb global_colors_info=\u00bb{}\u00bb]<\/p>\n<h2>Rese\u00f1as<\/h2>\n<p>[\/et_pb_text][et_pb_text _builder_version=\u00bb4.26.0&#8243; _module_preset=\u00bbdefault\u00bb text_font=\u00bb&#8211;et_global_body_font|600|on||||||\u00bb text_font_size=\u00bb18px\u00bb text_line_height=\u00bb1.8em\u00bb custom_margin=\u00bb40px||40px||false|false\u00bb global_colors_info=\u00bb{}\u00bb]<\/p>\n<p>Los hu\u00e9spedes dicen que el hotel Zandoyo Bed and Breakfast no solo se encuentra entre los mejores hoteles en Puerto Escondido, sino que tambi\u00e9n se encuentra en la mejor zona. Siga leyendo y descubra por qu\u00e9 estamos entre los mejores hoteles en uno de los destinos de playa m\u00e1s populares de M\u00e9xico.<\/p>\n<p>[\/et_pb_text][et_pb_code admin_label=\u00bbCode\u00bb _builder_version=\u00bb4.27.4&#8243; _module_preset=\u00bbdefault\u00bb global_colors_info=\u00bb{}\u00bb]<!-- Elfsight All-in-One Reviews | All-in-One Reviews Copy --><!\u2013- [et_pb_br_holder] -\u2013><script src=\"https:\/\/static.elfsight.com\/platform\/platform.js\" async><\/script><!\u2013- [et_pb_br_holder] -\u2013><\/p>\n<div class=\"elfsight-app-7c85e365-9255-40ca-bb58-2aa8d589dd73\" data-elfsight-app-lazy><\/div>\n<p>[\/et_pb_code][et_pb_blurb image=\u00bbhttps:\/\/zandoyo.com\/wp-content\/uploads\/2024\/08\/simeray-blurb.jpg\u00bb alt=\u00bbhu\u00e9spedes durante el desayuno en zandoyo bed &#038; breakfast\u00bb _builder_version=\u00bb4.26.0&#8243; _module_preset=\u00bbdefault\u00bb body_font=\u00bb|700|||||||\u00bb body_font_size=\u00bb16px\u00bb custom_margin=\u00bb||40px||false|false\u00bb custom_margin_tablet=\u00bb||40px||false|false\u00bb custom_margin_phone=\u00bb||30px||false|false\u00bb custom_margin_last_edited=\u00bbon|phone\u00bb body_font_size_tablet=\u00bb16px\u00bb body_font_size_phone=\u00bb14px\u00bb body_font_size_last_edited=\u00bbon|phone\u00bb custom_css_main_element=\u00bb.et_pb_main_blurb_image {||    display: inline-block;||    margin-bottom: 10px;||}\u00bb locked=\u00bboff\u00bb global_colors_info=\u00bb{}\u00bb]<\/p>\n<p><p>Arnaud y Mar\u00eda, de Francia, disfrutan de molletes durante el desayuno en Zandoyo.<\/p>\n<\/p>\n<p>[\/et_pb_blurb][\/et_pb_column][et_pb_column type=\u00bb1_3&#8243; _builder_version=\u00bb4.24.0&#8243; _module_preset=\u00bbdefault\u00bb global_colors_info=\u00bb{}\u00bb][et_pb_code _builder_version=\u00bb4.26.0&#8243; _module_preset=\u00bbdefault\u00bb text_orientation=\u00bbcenter\u00bb custom_css_free_form=\u00bb.my-css-class {background-color:#379b48!important; font-size: 20px; border:none; padding: 8px 20px;color: #ffff; font-weight:800!important; height:auto;margin-bottom:0!important;||}||.et_pb_widget { margin-bottom: 20px!important;}\u00bb global_colors_info=\u00bb{}\u00bb]<pee><button class=\"my-css-class\" data-be-url=\"https:\/\/hotels.cloudbeds.com\/reservation\/onMhKV\">Consultar disponibilidad<\/button><\/pee>[\/et_pb_code][et_pb_image src=\u00bbhttps:\/\/zandoyo.com\/wp-content\/uploads\/2025\/02\/Digital-Gallery-Award-TRA-2025.jpg\u00bb title_text=\u00bbDigital-Gallery-Award-TRA-2025&#8243; _builder_version=\u00bb4.27.0&#8243; _module_preset=\u00bbdefault\u00bb global_colors_info=\u00bb{}\u00bb][\/et_pb_image][et_pb_text _builder_version=\u00bb4.24.0&#8243; _module_preset=\u00bbdefault\u00bb text_font=\u00bbOpen Sans|600|||||||\u00bb text_text_color=\u00bb#FFFFFF\u00bb text_font_size=\u00bb26px\u00bb text_line_height=\u00bb1.8em\u00bb header_2_font=\u00bbOpen Sans|600|||||||\u00bb header_2_text_color=\u00bb#FFFFFF\u00bb header_2_line_height=\u00bb1.3em\u00bb background_color=\u00bb#9B4837&#8243; text_orientation=\u00bbcenter\u00bb custom_padding_tablet=\u00bb\u00bb custom_padding_phone=\u00bb|14px||14px|false|true\u00bb custom_padding_last_edited=\u00bbon|phone\u00bb text_font_size_tablet=\u00bb30px\u00bb text_font_size_phone=\u00bb26px\u00bb text_font_size_last_edited=\u00bbon|phone\u00bb text_line_height_tablet=\u00bb1.8em\u00bb text_line_height_phone=\u00bb1.7em\u00bb text_line_height_last_edited=\u00bbon|tablet\u00bb border_width_top=\u00bb2px\u00bb border_color_top=\u00bb#9B4837&#8243; locked=\u00bboff\u00bb global_colors_info=\u00bb{}\u00bb]<\/p>\n<h2>Algunos platos de nuestra galer\u00eda de desayunos<\/h2>\n<p>[\/et_pb_text][et_pb_gallery gallery_ids=\u00bb987511977,987512744,987512331,987512325,987512343,987512329&#8243; posts_number=\u00bb6&#8243; _builder_version=\u00bb4.24.0&#8243; _module_preset=\u00bbdefault\u00bb title_font=\u00bbOpen Sans||||||||\u00bb title_line_height=\u00bb1.3em\u00bb title_font_size_tablet=\u00bb15px\u00bb title_font_size_phone=\u00bb15px\u00bb title_font_size_last_edited=\u00bbon|phone\u00bb locked=\u00bboff\u00bb global_colors_info=\u00bb{}\u00bb][\/et_pb_gallery][\/et_pb_column][\/et_pb_row][\/et_pb_section]<\/p>\n","protected":false},"excerpt":{"rendered":"<p>Los hu\u00e9spedes dicen que Zandoyo Bed and Breakfast no solo est\u00e1 entre los mejores hoteles en Puerto Escondido, sino que tambi\u00e9n est\u00e1 en la mejor zona.<\/p>\n","protected":false},"author":1,"featured_media":0,"parent":0,"menu_order":0,"comment_status":"closed","ping_status":"closed","template":"","meta":{"_et_pb_use_builder":"on","_et_pb_old_content":"","_et_gb_content_width":"","wprm-recipe-roundup-name":"","wprm-recipe-roundup-description":"","footnotes":""},"class_list":["post-987512578","page","type-page","status-publish","hentry"],"_links":{"self":[{"href":"https:\/\/zandoyo.com\/es\/wp-json\/wp\/v2\/pages\/987512578","targetHints":{"allow":["GET"]}}],"collection":[{"href":"https:\/\/zandoyo.com\/es\/wp-json\/wp\/v2\/pages"}],"about":[{"href":"https:\/\/zandoyo.com\/es\/wp-json\/wp\/v2\/types\/page"}],"author":[{"embeddable":true,"href":"https:\/\/zandoyo.com\/es\/wp-json\/wp\/v2\/users\/1"}],"replies":[{"embeddable":true,"href":"https:\/\/zandoyo.com\/es\/wp-json\/wp\/v2\/comments?post=987512578"}],"version-history":[{"count":0,"href":"https:\/\/zandoyo.com\/es\/wp-json\/wp\/v2\/pages\/987512578\/revisions"}],"wp:attachment":[{"href":"https:\/\/zandoyo.com\/es\/wp-json\/wp\/v2\/media?parent=987512578"}],"curies":[{"name":"wp","href":"https:\/\/api.w.org\/{rel}","templated":true}]}}