{"id":987512675,"date":"2022-09-17T15:08:07","date_gmt":"2022-09-17T20:08:07","guid":{"rendered":"https:\/\/zandoyo.com\/atracciones\/"},"modified":"2024-07-13T17:52:46","modified_gmt":"2024-07-13T23:52:46","slug":"atracciones","status":"publish","type":"page","link":"https:\/\/zandoyo.com\/es\/atracciones\/","title":{"rendered":"Atracciones"},"content":{"rendered":"<p>[et_pb_section fb_built=\u00bb1&#8243; custom_padding_last_edited=\u00bbon|tablet\u00bb _builder_version=\u00bb4.18.0&#8243; _module_preset=\u00bbdefault\u00bb background_image=\u00bbhttps:\/\/zandoyo.wpengine.com\/wp-content\/uploads\/2022\/09\/turtles2-1.jpg\u00bb width=\u00bb100%\u00bb height=\u00bb671px\u00bb height_tablet=\u00bb428px\u00bb height_phone=\u00bb336px\u00bb height_last_edited=\u00bbon|phone\u00bb custom_margin_tablet=\u00bb\u00bb custom_margin_phone=\u00bb||20px||false|false\u00bb custom_margin_last_edited=\u00bbon|tablet\u00bb custom_padding=\u00bb10px||||false|false\u00bb custom_padding_tablet=\u00bb0px||10px||false|false\u00bb custom_padding_phone=\u00bb||10px||false|false\u00bb background_last_edited=\u00bbon|phone\u00bb background_position_phone=\u00bbcenter\u00bb global_colors_info=\u00bb{}\u00bb][et_pb_row _builder_version=\u00bb4.18.0&#8243; _module_preset=\u00bbdefault\u00bb global_colors_info=\u00bb{}\u00bb][et_pb_column type=\u00bb4_4&#8243; _builder_version=\u00bb4.18.0&#8243; _module_preset=\u00bbdefault\u00bb global_colors_info=\u00bb{}\u00bb][et_pb_text _builder_version=\u00bb4.18.0&#8243; _module_preset=\u00bbdefault\u00bb header_font=\u00bbRaleway|700|||||||\u00bb header_text_color=\u00bb#000000&#8243; header_font_size=\u00bb50px\u00bb custom_padding_tablet=\u00bb\u00bb custom_padding_phone=\u00bb16px||||false|false\u00bb custom_padding_last_edited=\u00bbon|phone\u00bb header_font_size_tablet=\u00bb35px\u00bb header_font_size_phone=\u00bb25px\u00bb header_font_size_last_edited=\u00bbon|tablet\u00bb header_line_height_tablet=\u00bb\u00bb header_line_height_phone=\u00bb1.3em\u00bb header_line_height_last_edited=\u00bbon|phone\u00bb global_colors_info=\u00bb{}\u00bb]<\/p>\n<h1>Atracciones en Puerto Escondido<\/h1>\n<p>[\/et_pb_text][\/et_pb_column][\/et_pb_row][\/et_pb_section][et_pb_section fb_built=\u00bb1&#8243; custom_padding_last_edited=\u00bbon|phone\u00bb _builder_version=\u00bb4.18.0&#8243; _module_preset=\u00bbdefault\u00bb custom_padding=\u00bb30px||||false|false\u00bb custom_padding_tablet=\u00bb30px||||false|false\u00bb custom_padding_phone=\u00bb0px||||false|false\u00bb global_colors_info=\u00bb{}\u00bb][et_pb_row custom_padding_last_edited=\u00bbon|phone\u00bb _builder_version=\u00bb4.18.0&#8243; _module_preset=\u00bbdefault\u00bb module_alignment=\u00bbcenter\u00bb custom_padding=\u00bb0px||||false|false\u00bb custom_padding_tablet=\u00bb0px||||false|false\u00bb custom_padding_phone=\u00bb0px||20px||false|false\u00bb locked=\u00bboff\u00bb global_colors_info=\u00bb{}\u00bb][et_pb_column type=\u00bb4_4&#8243; _builder_version=\u00bb4.18.0&#8243; _module_preset=\u00bbdefault\u00bb global_colors_info=\u00bb{}\u00bb][et_pb_text _builder_version=\u00bb4.18.0&#8243; _module_preset=\u00bbdefault\u00bb text_font_size=\u00bb16px\u00bb width=\u00bb89%\u00bb module_alignment=\u00bbcenter\u00bb global_colors_info=\u00bb{}\u00bb]<\/p>\n<p>Adem\u00e1s de su atractivo como aut\u00e9ntico pueblo costero mexicano, Puerto Escondido tiene mucho que ofrecer, incluida comida fant\u00e1stica y una amplia variedad de oportunidades recreativas.<\/p>\n<p>[\/et_pb_text][\/et_pb_column][\/et_pb_row][et_pb_row column_structure=\u00bb1_2,1_2&#8243; use_custom_gutter=\u00bbon\u00bb gutter_width=\u00bb1&#8243; custom_padding_last_edited=\u00bbon|tablet\u00bb _builder_version=\u00bb4.18.0&#8243; module_alignment=\u00bbcenter\u00bb custom_margin=\u00bb0px||||false|false\u00bb custom_padding=\u00bb0px|0px|0px|0px|false|false\u00bb custom_padding_tablet=\u00bb0px||0px|0px|false|false\u00bb custom_padding_phone=\u00bb0px||0px|0px|false|false\u00bb locked=\u00bboff\u00bb global_colors_info=\u00bb{}\u00bb][et_pb_column type=\u00bb1_2&#8243; _builder_version=\u00bb4.16&#8243; custom_padding=\u00bb|||\u00bb global_colors_info=\u00bb{}\u00bb custom_padding__hover=\u00bb|||\u00bb][et_pb_toggle title=\u00bbRestaurantes\u00bb closed_toggle_background_color=\u00bb#f5f5f5&#8243; icon_color=\u00bb#b2b9c4&#8243; open_icon_color=\u00bb#b2b9c4&#8243; _builder_version=\u00bb4.18.0&#8243; title_font=\u00bbRaleway|700|||||||\u00bb title_line_height=\u00bb1.4em\u00bb body_font=\u00bb||||||||\u00bb body_text_align=\u00bbleft\u00bb body_line_height=\u00bb1.6em\u00bb text_orientation=\u00bbleft\u00bb width=\u00bb80%\u00bb module_alignment=\u00bbcenter\u00bb custom_margin=\u00bb||24px||false|false\u00bb custom_padding=\u00bb10px||10px||false|false\u00bb border_width_all=\u00bb0px\u00bb border_color_all=\u00bb#f5f5f5&#8243; global_colors_info=\u00bb{}\u00bb]<\/p>\n<p>Hay varios restaurantes excelentes en Puerto Escondido, cuya reputaci\u00f3n est\u00e1 creciendo como destino para disfrutar de excelente comida, desde cenas elegantes hasta tacos en la calle. Si lo \u00fanico que quieres es un caf\u00e9 y una botana, tambi\u00e9n encontrar\u00e1s muchas cafeter\u00edas excelentes que sirven caf\u00e9 oaxaque\u00f1o y deliciosos productos horneados.<\/p>\n<p>[\/et_pb_toggle][et_pb_toggle title=\u00bbExcursiones\u00bb closed_toggle_background_color=\u00bb#f5f5f5&#8243; icon_color=\u00bb#b2b9c4&#8243; open_icon_color=\u00bb#b2b9c4&#8243; _builder_version=\u00bb4.18.0&#8243; title_font=\u00bbRaleway|700|||||||\u00bb title_line_height=\u00bb1.4em\u00bb body_font=\u00bb||||||||\u00bb body_text_align=\u00bbleft\u00bb body_line_height=\u00bb1.6em\u00bb text_orientation=\u00bbleft\u00bb width=\u00bb80%\u00bb module_alignment=\u00bbcenter\u00bb custom_margin=\u00bb||24px||false|false\u00bb custom_padding=\u00bb10px||10px||false|false\u00bb border_width_all=\u00bb0px\u00bb border_color_all=\u00bb#f5f5f5&#8243; global_colors_info=\u00bb{}\u00bb]<\/p>\n<p>Haz de Zandoyo tu base para visitar las hermosas lagunas de Manialtepec o Chacahua al oeste y los pueblos costeros de Mazunte y San Agustinillo al este. O dir\u00edjase hacia el sur en un recorrido guiado por el oc\u00e9ano para ver tortugas marinas, delfines y ballenas.<\/p>\n<p>[\/et_pb_toggle][et_pb_toggle title=\u00bbGolf\u00bb closed_toggle_background_color=\u00bb#f5f5f5&#8243; icon_color=\u00bb#b2b9c4&#8243; open_icon_color=\u00bb#b2b9c4&#8243; _builder_version=\u00bb4.18.0&#8243; title_font=\u00bbRaleway|700|||||||\u00bb title_line_height=\u00bb1.4em\u00bb body_font=\u00bb||||||||\u00bb body_text_align=\u00bbleft\u00bb body_line_height=\u00bb1.6em\u00bb text_orientation=\u00bbleft\u00bb width=\u00bb80%\u00bb module_alignment=\u00bbcenter\u00bb custom_margin=\u00bb||24px||false|false\u00bb custom_padding=\u00bb10px||10px||false|false\u00bb link_option_url_new_window=\u00bbon\u00bb border_width_all=\u00bb0px\u00bb border_color_all=\u00bb#f5f5f5&#8243; global_colors_info=\u00bb{}\u00bb]<\/p>\n<p>\nEl Puerto Golf Club abri\u00f3 como campo de pr\u00e1cticas en 2015, pero ahora es un campo de golf de nueve hoyos, el \u00fanico campo de golf entre Acapulco y Huatulco. El club cuenta con tres greens de c\u00e9sped bermuda que est\u00e1n dise\u00f1ados para jugarse en varios hoyos. El club de golf, de propiedad y gesti\u00f3n familiar, dice que \u00abno es un campo de golf tradicional\u00bb y lo describe como dif\u00edcil, \u00abcon greens peque\u00f1os, bunkers complicados y muchos obst\u00e1culos\u00bb. <a href=\"https:\/\/www.puertogolf.com.mx\/espa\u00f1ol\" target=\"_blank\" rel=\"noopener\">El Puerto Golf Club<\/a> est\u00e1 a 10 minutos en auto de la playa Zicatela y est\u00e1 abierto todos los d\u00edas excepto los lunes, pero solo con cita previa.<\/p>\n<p>[\/et_pb_toggle][et_pb_toggle title=\u00bbPlayas\u00bb closed_toggle_background_color=\u00bb#f5f5f5&#8243; icon_color=\u00bb#b2b9c4&#8243; open_icon_color=\u00bb#b2b9c4&#8243; _builder_version=\u00bb4.24.0&#8243; title_font=\u00bbRaleway|700|||||||\u00bb title_line_height=\u00bb1.4em\u00bb body_font=\u00bb||||||||\u00bb body_text_align=\u00bbleft\u00bb body_line_height=\u00bb1.6em\u00bb text_orientation=\u00bbleft\u00bb width=\u00bb80%\u00bb module_alignment=\u00bbcenter\u00bb custom_margin=\u00bb||24px||false|false\u00bb custom_padding=\u00bb10px||10px||false|false\u00bb link_option_url_new_window=\u00bbon\u00bb hover_enabled=\u00bb0&#8243; border_width_all=\u00bb0px\u00bb border_color_all=\u00bb#f5f5f5&#8243; global_colors_info=\u00bb{}\u00bb sticky_enabled=\u00bb0&#8243;]<\/p>\n<p>Las playas de Puerto han sido durante mucho tiempo la principal atracci\u00f3n. La m\u00e1s conocida es Zicatela, uno de los principales destinos para surfear del mundo, pero no es una playa para nadar. Como <a href=\"https:\/\/goo.gl\/maps\/HHs1fGsTSPiAoCMBA\" target=\"_blank\" rel=\"noopener\">Bacocho,<\/a> que est\u00e1 a 10 minutos a pie de Zandoyo, es ideal para paseos por la playa. Las playas para nadar m\u00e1s cercanas a Zandoyo son <a href=\"https:\/\/goo.gl\/maps\/8tyzAWVCuVk3NFmv7\" target=\"_blank\" rel=\"noopener\">Coral<\/a> y <a href=\"https:\/\/goo.gl\/maps\/gVBkoVfevKYEmX9A7\" target=\"_blank\" rel=\"noopener\">Carrizalillo <\/a>. Otros son Puerto Angelito, Manzanillo, Marinero, Principal y La Punta. Muchos lugare\u00f1os disfrutan salir de la ciudad durante el d\u00eda para disfrutar de playas como Agua Blanca al este y Roca Blanca al oeste.<\/p>\n<p>La mayor\u00eda de las playas tienen restaurantes tipo palapa que ofrecen comida y refrescos.<\/p>\n<p>[\/et_pb_toggle][\/et_pb_column][et_pb_column type=\u00bb1_2&#8243; _builder_version=\u00bb4.16&#8243; custom_padding=\u00bb|||\u00bb global_colors_info=\u00bb{}\u00bb custom_padding__hover=\u00bb|||\u00bb][et_pb_toggle title=\u00bbSurfear\u00bb closed_toggle_background_color=\u00bb#f5f5f5&#8243; icon_color=\u00bb#b2b9c4&#8243; open_icon_color=\u00bb#b2b9c4&#8243; _builder_version=\u00bb4.18.0&#8243; title_font=\u00bbRaleway|700|||||||\u00bb title_line_height=\u00bb1.4em\u00bb body_font=\u00bb||||||||\u00bb body_text_align=\u00bbleft\u00bb body_line_height=\u00bb1.6em\u00bb text_orientation=\u00bbleft\u00bb width=\u00bb80%\u00bb module_alignment=\u00bbcenter\u00bb custom_margin=\u00bb||24px||false|false\u00bb custom_padding=\u00bb10px||10px||false|false\u00bb border_width_all=\u00bb0px\u00bb border_color_all=\u00bb#f5f5f5&#8243; locked=\u00bboff\u00bb global_colors_info=\u00bb{}\u00bb]<\/p>\n<p>La playa Zicatela es mundialmente famosa por sus olas y atrae a surfistas de todo el mundo. Si nunca lo has probado, existen numerosas escuelas de surf, la m\u00e1s cercana est\u00e1 a unas cuadras en la Rinconada. Los surfistas novatos pueden encontrar olas m\u00e1s peque\u00f1as en La Punta y Playa Carrizalillo.<\/p>\n<p>[\/et_pb_toggle][et_pb_toggle title=\u00bbTenis\u00bb closed_toggle_background_color=\u00bb#f5f5f5&#8243; icon_color=\u00bb#b2b9c4&#8243; open_icon_color=\u00bb#b2b9c4&#8243; _builder_version=\u00bb4.18.0&#8243; title_font=\u00bbRaleway|700|||||||\u00bb title_line_height=\u00bb1.4em\u00bb body_font=\u00bb||||||||\u00bb body_text_align=\u00bbleft\u00bb body_line_height=\u00bb1.6em\u00bb text_orientation=\u00bbleft\u00bb width=\u00bb80%\u00bb module_alignment=\u00bbcenter\u00bb custom_margin=\u00bb||24px||false|false\u00bb custom_padding=\u00bb10px||10px||false|false\u00bb border_width_all=\u00bb0px\u00bb border_color_all=\u00bb#f5f5f5&#8243; locked=\u00bboff\u00bb global_colors_info=\u00bb{}\u00bb]<\/p>\n<p>El tenis ha arrasado en Puerto Escondido en los \u00faltimos a\u00f1os, pero el mayor avance fue la apertura del Lemon Park Tennis Club en 2019. Con cinco canchas, dos canchas de squash y un snack bar, Lemon Park es un gran atractivo para los visitantes y sus torneos han jugadores seleccionados de todo el mundo.\u00a0<\/p>\n<p>[\/et_pb_toggle][et_pb_toggle title=\u00bbPesca\u00bb closed_toggle_background_color=\u00bb#f5f5f5&#8243; icon_color=\u00bb#b2b9c4&#8243; open_icon_color=\u00bb#b2b9c4&#8243; _builder_version=\u00bb4.18.0&#8243; title_font=\u00bbRaleway|700|||||||\u00bb title_line_height=\u00bb1.4em\u00bb body_font=\u00bb||||||||\u00bb body_text_align=\u00bbleft\u00bb body_line_height=\u00bb1.6em\u00bb text_orientation=\u00bbleft\u00bb width=\u00bb80%\u00bb module_alignment=\u00bbcenter\u00bb custom_margin=\u00bb||24px||false|false\u00bb custom_padding=\u00bb10px||10px||false|false\u00bb border_width_all=\u00bb0px\u00bb border_color_all=\u00bb#f5f5f5&#8243; locked=\u00bboff\u00bb global_colors_info=\u00bb{}\u00bb]<\/p>\n<p>El pez vela del Pac\u00edfico, el marl\u00edn, el dorado y el at\u00fan se encuentran entre las especies de alta mar capturadas en las aguas de Puerto Escondido. En la costa se puede pescar pez gallo, medregal, caballa, mero y otros.<\/p>\n<p>[\/et_pb_toggle][et_pb_toggle title=\u00bbMercados p\u00fablicos\u00bb closed_toggle_background_color=\u00bb#f5f5f5&#8243; icon_color=\u00bb#b2b9c4&#8243; open_icon_color=\u00bb#b2b9c4&#8243; _builder_version=\u00bb4.18.0&#8243; title_font=\u00bbRaleway|700|||||||\u00bb title_line_height=\u00bb1.4em\u00bb body_font=\u00bb||||||||\u00bb body_text_align=\u00bbleft\u00bb body_line_height=\u00bb1.6em\u00bb text_orientation=\u00bbleft\u00bb width=\u00bb80%\u00bb module_alignment=\u00bbcenter\u00bb custom_margin=\u00bb||24px||false|false\u00bb custom_padding=\u00bb10px||10px||false|false\u00bb border_width_all=\u00bb0px\u00bb border_color_all=\u00bb#f5f5f5&#8243; locked=\u00bboff\u00bb global_colors_info=\u00bb{}\u00bb]<\/p>\n<p>Puerto Escondido tiene dos mercados p\u00fablicos, el tradicional mercado Benito Ju\u00e1rez en el centro de la ciudad y el nuevo mercado Zicatela en la carretera costera cerca de la playa Zicatela. Ambos ofrecen pescado, carne y productos frescos y otros productos y cuentan con muchos restaurantes que sirven platos t\u00edpicos oaxaque\u00f1os.<\/p>\n<p>[\/et_pb_toggle][\/et_pb_column][\/et_pb_row][\/et_pb_section]<\/p>\n","protected":false},"excerpt":{"rendered":"<p>Atracciones en Puerto EscondidoAdem\u00e1s de su atractivo como aut\u00e9ntico pueblo costero mexicano, Puerto Escondido tiene mucho que ofrecer, incluida comida fant\u00e1stica y una amplia variedad de oportunidades recreativas.Hay varios restaurantes excelentes en Puerto Escondido, cuya reputaci\u00f3n est\u00e1 creciendo como destino para disfrutar de excelente comida, desde cenas elegantes hasta tacos en la calle. Si lo [&hellip;]<\/p>\n","protected":false},"author":1,"featured_media":0,"parent":0,"menu_order":0,"comment_status":"closed","ping_status":"closed","template":"","meta":{"_et_pb_use_builder":"on","_et_pb_old_content":"","_et_gb_content_width":"","wprm-recipe-roundup-name":"","wprm-recipe-roundup-description":"","footnotes":""},"class_list":["post-987512675","page","type-page","status-publish","hentry"],"_links":{"self":[{"href":"https:\/\/zandoyo.com\/es\/wp-json\/wp\/v2\/pages\/987512675","targetHints":{"allow":["GET"]}}],"collection":[{"href":"https:\/\/zandoyo.com\/es\/wp-json\/wp\/v2\/pages"}],"about":[{"href":"https:\/\/zandoyo.com\/es\/wp-json\/wp\/v2\/types\/page"}],"author":[{"embeddable":true,"href":"https:\/\/zandoyo.com\/es\/wp-json\/wp\/v2\/users\/1"}],"replies":[{"embeddable":true,"href":"https:\/\/zandoyo.com\/es\/wp-json\/wp\/v2\/comments?post=987512675"}],"version-history":[{"count":0,"href":"https:\/\/zandoyo.com\/es\/wp-json\/wp\/v2\/pages\/987512675\/revisions"}],"wp:attachment":[{"href":"https:\/\/zandoyo.com\/es\/wp-json\/wp\/v2\/media?parent=987512675"}],"curies":[{"name":"wp","href":"https:\/\/api.w.org\/{rel}","templated":true}]}}