{"id":987512926,"date":"2024-07-26T18:33:36","date_gmt":"2024-07-27T00:33:36","guid":{"rendered":"https:\/\/zandoyo.com\/nadar\/"},"modified":"2025-08-18T20:18:09","modified_gmt":"2025-08-19T02:18:09","slug":"playas-en-puerto-escondido","status":"publish","type":"page","link":"https:\/\/zandoyo.com\/es\/playas-en-puerto-escondido\/","title":{"rendered":"Playas y nataci\u00f3n"},"content":{"rendered":"<p>[et_pb_section fb_built=\u00bb1&#8243; admin_label=\u00bbRoom Details\u00bb _builder_version=\u00bb4.26.0&#8243; custom_margin=\u00bb20px||||false|false\u00bb custom_padding=\u00bb0px||||false|false\u00bb global_colors_info=\u00bb{}\u00bb theme_builder_area=\u00bbpost_content\u00bb][et_pb_row _builder_version=\u00bb4.27.4&#8243; _module_preset=\u00bbdefault\u00bb custom_margin_tablet=\u00bb\u00bb custom_margin_phone=\u00bb|||20px|false|false\u00bb custom_margin_last_edited=\u00bbon|phone\u00bb global_colors_info=\u00bb{}\u00bb theme_builder_area=\u00bbpost_content\u00bb][et_pb_column type=\u00bb4_4&#8243; _builder_version=\u00bb4.27.4&#8243; _module_preset=\u00bbdefault\u00bb global_colors_info=\u00bb{}\u00bb theme_builder_area=\u00bbpost_content\u00bb][et_pb_heading title=\u00bbNataci\u00f3n y playas en Puerto Escondido\u00bb _builder_version=\u00bb4.27.4&#8243; _module_preset=\u00bbdefault\u00bb title_font=\u00bbRaleway|700|||||||\u00bb title_font_size=\u00bb48px\u00bb custom_margin=\u00bb||||false|false\u00bb custom_margin_tablet=\u00bb\u00bb custom_margin_phone=\u00bb||10px||false|false\u00bb custom_margin_last_edited=\u00bbon|phone\u00bb title_font_size_tablet=\u00bb\u00bb title_font_size_phone=\u00bb28px\u00bb title_font_size_last_edited=\u00bbon|phone\u00bb title_line_height_tablet=\u00bb\u00bb title_line_height_phone=\u00bb1.3em\u00bb title_line_height_last_edited=\u00bbon|phone\u00bb global_colors_info=\u00bb{}\u00bb theme_builder_area=\u00bbpost_content\u00bb][\/et_pb_heading][et_pb_blurb content_tablet=\u00bb<\/p>\n<ul class=%22ul1%22>\n<li class=%22li1%22>\n<h3 id=%22h_51712326411754843956199%22><span class=%22s2%22><a href=%22#h_51712326411754843956199%22><b>Coral<\/b><\/a><b><\/b><\/span><\/h3>\n<\/li>\n<li class=%22li1%22>\n<h3><b><\/b><span class=%22s2%22><a href=%22#carrizalillo%22><b>Carrizalillo<\/b><\/a><b><\/b><\/span><\/h3>\n<\/li>\n<li class=%22li1%22>\n<h3 id=%22h_339497700111754844047946%22><b><\/b><span class=%22s2%22><a href=%22#bacocho%22><b>Bacocho<\/b><\/a><b><\/b><\/span><\/h3>\n<\/li>\n<li class=%22li1%22>\n<h3><b><\/b><span class=%22s2%22><a href=%22#manzanillo%22><b>Manzanillo &amp; Angelito<\/b><\/a><b><\/b><\/span><\/h3>\n<\/li>\n<li class=%22li1%22>\n<h3><b><\/b><span class=%22s2%22><a href=%22#principal%22><b>Principal &amp; Marinero<\/b><\/a><b><\/b><\/span><\/h3>\n<\/li>\n<li class=%22li1%22>\n<h3><b><\/b><span class=%22s2%22><a href=%22#lapunta%22><b>La Punta<\/b><\/a><b><\/b><\/span><\/h3>\n<\/li>\n<li class=%22li1%22>\n<h3><b><\/b><span class=%22s2%22><a href=%22#zicatela%22><b>Zicatela<\/b><\/a><b><\/b><\/span><\/h3>\n<\/li>\n<li class=%22li1%22>\n<h3><b><\/b><a href=%22#outside%22><span class=%22s2%22><b>Outside town<\/b><\/span><\/a><\/h3>\n<\/li>\n<li class=%22li1%22>\n<h3><span class=%22s2%22><b><\/b><\/span><span class=%22s2%22><a href=%22#pool%22><b>The pool at Zandoyo<\/b><\/a><b><\/b><\/span><\/h3>\n<\/li>\n<\/ul>\n<p>\u00bb content_phone=\u00bb<\/p>\n<ul class=%22ul1%22>\n<li class=%22li1%22>\n<h3 id=%22h_51712326411754843956199%22><span class=%22s2%22><a href=%22#h_51712326411754843956199%22><b>Coral<\/b><\/a><b><\/b><\/span><\/h3>\n<\/li>\n<li class=%22li1%22>\n<h3><b><\/b><span class=%22s2%22><a href=%22#carrizalillo%22><b>Carrizalillo<\/b><\/a><b><\/b><\/span><\/h3>\n<\/li>\n<li class=%22li1%22>\n<h3 id=%22h_339497700111754844047946%22><b><\/b><span class=%22s2%22><a href=%22#bacocho%22><b>Bacocho<\/b><\/a><b><\/b><\/span><\/h3>\n<\/li>\n<li class=%22li1%22>\n<h3><b><\/b><span class=%22s2%22><a href=%22#manzanillo%22><b>Manzanillo &amp; Angelito<\/b><\/a><b><\/b><\/span><\/h3>\n<\/li>\n<li class=%22li1%22>\n<h3><b><\/b><span class=%22s2%22><a href=%22#principal%22><b>Principal &amp; Marinero<\/b><\/a><b><\/b><\/span><\/h3>\n<\/li>\n<li class=%22li1%22>\n<h3><b><\/b><span class=%22s2%22><a href=%22#lapunta%22><b>La Punta<\/b><\/a><b><\/b><\/span><\/h3>\n<\/li>\n<li class=%22li1%22>\n<h3><b><\/b><span class=%22s2%22><a href=%22#zicatela%22><b>Zicatela<\/b><\/a><b><\/b><\/span><\/h3>\n<\/li>\n<li class=%22li1%22>\n<h3><b><\/b><a href=%22#outside%22><span class=%22s2%22><b>Outside town<\/b><\/span><\/a><\/h3>\n<\/li>\n<li class=%22li1%22>\n<h3><span class=%22s2%22><b><\/b><\/span><span class=%22s2%22><a href=%22#pool%22><b>The pool at Zandoyo<\/b><\/a><b><\/b><\/span><\/h3>\n<\/li>\n<\/ul>\n<p>\u00bb content_last_edited=\u00bbon|phone\u00bb module_class=\u00bbTOC\u00bb _builder_version=\u00bb4.27.4&#8243; _module_preset=\u00bbdefault\u00bb header_level=\u00bbh2&#8243; header_font=\u00bb|600|||||||\u00bb header_text_align=\u00bbcenter\u00bb header_line_height=\u00bb1.5em\u00bb hover_enabled=\u00bb0&#8243; custom_css_free_form=\u00bb    .TOC ul li {||        display: inline-block;||        margin-right:15px; \/* Adjust spacing as needed *\/||        \/* Add other styling like padding, text-align, etc. *\/||      ||    }||||ul {||  text-align: center;||}||li {||  margin-bottom: 3px;||}\u00bb global_colors_info=\u00bb{}\u00bb theme_builder_area=\u00bbpost_content\u00bb sticky_enabled=\u00bb0&#8243; custom_padding_last_edited=\u00bbon|phone\u00bb custom_padding_phone=\u00bb||0px||false|false\u00bb custom_margin_last_edited=\u00bbon|phone\u00bb custom_margin_phone=\u00bb||||false|false\u00bb]<\/p>\n<ul class=\"ul1\">\n<li class=\"li1\">\n<h3 id=\"h_51712326411754843956199\"><span class=\"s2\"><a href=\"#h_51712326411754843956199\"><b>Coral<\/b><\/a><b><\/b><\/span><\/h3>\n<\/li>\n<li class=\"li1\">\n<h3><b><\/b><span class=\"s2\"><a href=\"#carrizalillo\"><b>Carrizalillo<\/b><\/a><b><\/b><\/span><\/h3>\n<\/li>\n<li class=\"li1\">\n<h3 id=\"h_339497700111754844047946\"><b><\/b><span class=\"s2\"><a href=\"#bacocho\"><b>Bacocho<\/b><\/a><b><\/b><\/span><\/h3>\n<\/li>\n<li class=\"li1\">\n<h3><b><\/b><span class=\"s2\"><a href=\"#manzanillo\"><b>Manzanillo &amp; Angelito<\/b><\/a><b><\/b><\/span><\/h3>\n<\/li>\n<li class=\"li1\">\n<h3><b><\/b><span class=\"s2\"><a href=\"#principal\"><b>Principal &amp; Marinero<\/b><\/a><b><\/b><\/span><\/h3>\n<\/li>\n<li class=\"li1\">\n<h3><b><\/b><span class=\"s2\"><a href=\"#lapunta\"><b>La Punta<\/b><\/a><b><\/b><\/span><\/h3>\n<\/li>\n<li class=\"li1\">\n<h3><b><\/b><span class=\"s2\"><a href=\"#zicatela\"><b>Zicatela<\/b><\/a><b><\/b><\/span><\/h3>\n<\/li>\n<li class=\"li1\">\n<h3><b><\/b><a href=\"#outside\"><span class=\"s2\"><b>Outside town<\/b><\/span><\/a><\/h3>\n<\/li>\n<li class=\"li1\">\n<h3><span class=\"s2\"><b><\/b><\/span><span class=\"s2\"><a href=\"#pool\"><b>The pool at Zandoyo<\/b><\/a><b><\/b><\/span><\/h3>\n<\/li>\n<\/ul>\n<p>[\/et_pb_blurb][\/et_pb_column][\/et_pb_row][et_pb_row column_structure=\u00bb1_2,1_2&#8243; use_custom_gutter=\u00bbon\u00bb gutter_width=\u00bb4&#8243; custom_padding_last_edited=\u00bbon|desktop\u00bb _builder_version=\u00bb4.27.4&#8243; width_tablet=\u00bb90%\u00bb width_phone=\u00bb90%\u00bb width_last_edited=\u00bbon|phone\u00bb max_width_tablet=\u00bb\u00bb max_width_phone=\u00bb\u00bb max_width_last_edited=\u00bbon|tablet\u00bb module_alignment=\u00bbcenter\u00bb custom_margin=\u00bb||20px||false|false\u00bb custom_margin_tablet=\u00bb\u00bb custom_margin_phone=\u00bb10px||22px||false|false\u00bb custom_margin_last_edited=\u00bbon|phone\u00bb custom_padding=\u00bb0||0px||false|false\u00bb custom_padding_tablet=\u00bb0|0px|0px|0px|false|false\u00bb custom_padding_phone=\u00bb0|0px|0px|0px|false|false\u00bb locked=\u00bboff\u00bb global_colors_info=\u00bb{}\u00bb theme_builder_area=\u00bbpost_content\u00bb][et_pb_column type=\u00bb1_2&#8243; _builder_version=\u00bb4.26.0&#8243; custom_padding=\u00bb|||\u00bb global_colors_info=\u00bb{}\u00bb custom_padding__hover=\u00bb|||\u00bb custom_css_main_element_last_edited=\u00bbon|tablet\u00bb custom_css_main_element_tablet=\u00bbmax-width: 48%;||margin-right: 4%\u00bb custom_css_main_element_phone=\u00bbmax-width: 100%\u00bb theme_builder_area=\u00bbpost_content\u00bb][et_pb_blurb title=\u00bbCoral\u00bb image=\u00bbhttps:\/\/zandoyo.com\/wp-content\/uploads\/2025\/08\/beach-coral-1.jpg\u00bb alt=\u00bbCoral es una de varias playas en Puerto Escondido\u00bb image_icon_width_tablet=\u00bb\u00bb image_icon_width_phone=\u00bb100%\u00bb image_icon_width_last_edited=\u00bbon|phone\u00bb module_id=\u00bbcoral\u00bb _builder_version=\u00bb4.27.4&#8243; _module_preset=\u00bbdefault\u00bb header_font_size=\u00bb24px\u00bb body_font_size=\u00bb16px\u00bb global_colors_info=\u00bb{}\u00bb theme_builder_area=\u00bbpost_content\u00bb]<\/p>\n<p>Playa Coral, ubicada entre Mirador Las Tortugas y Playa Bacocho, a solo 10 minutos de Zandoyo, es una de las m\u00e1s populares entre nuestros hu\u00e9spedes, principalmente porque suele estar menos concurrida que otras playas. La forma m\u00e1s f\u00e1cil de llegar es a trav\u00e9s del hotel Villa Mexicana. Por una peque\u00f1a tarifa, puede usar las escaleras del hotel para bajar a la playa. No hay palapas ni otros servicios en Coral y est\u00e1 m\u00e1s expuesta que otras playas para nadar.<\/p>\n<p>[\/et_pb_blurb][\/et_pb_column][et_pb_column type=\u00bb1_2&#8243; _builder_version=\u00bb4.26.0&#8243; _module_preset=\u00bbdefault\u00bb custom_css_main_element=\u00bbmax-width: 100%\u00bb global_colors_info=\u00bb{}\u00bb custom_css_main_element_last_edited=\u00bbon|tablet\u00bb custom_css_main_element_tablet=\u00bbmax-width: 48%\u00bb custom_css_main_element_phone=\u00bbmax-width: 100%\u00bb theme_builder_area=\u00bbpost_content\u00bb][et_pb_blurb title=\u00bbCarrizalillo\u00bb image=\u00bbhttps:\/\/zandoyo.com\/wp-content\/uploads\/2025\/08\/carrizalillo-1.jpg\u00bb alt=\u00bbplayas carrizalillo\u00bb module_id=\u00bbcarrizalillo\u00bb _builder_version=\u00bb4.27.4&#8243; _module_preset=\u00bbdefault\u00bb header_font_size=\u00bb24px\u00bb body_font_size=\u00bb16px\u00bb global_colors_info=\u00bb{}\u00bb theme_builder_area=\u00bbpost_content\u00bb]<\/p>\n<p>Los nadadores, buceadores y surfistas novatos disfrutan de <a href=\"https:\/\/g.co\/kgs\/GXLYX8v\">la Playa Carrizalillo,<\/a> a 10 o 15 minutos a pie del Hotel Zandoyo Bed and Breakfast. Unas escaleras bien conservadas (\u00a1167 escalones!) brindan acceso a la playa, donde los visitantes encontrar\u00e1n restaurantes con palapas que ofrecen comida y refrescos. Carrizalillo es una de las playas para nadar m\u00e1s populares en Puerto Escondido entre los hu\u00e9spedes de Zandoyo.<\/p>\n<p>[\/et_pb_blurb][\/et_pb_column][\/et_pb_row][et_pb_row column_structure=\u00bb1_2,1_2&#8243; use_custom_gutter=\u00bbon\u00bb gutter_width=\u00bb4&#8243; custom_padding_last_edited=\u00bbon|tablet\u00bb _builder_version=\u00bb4.27.4&#8243; width_tablet=\u00bb90%\u00bb width_phone=\u00bb90%\u00bb width_last_edited=\u00bbon|phone\u00bb max_width_tablet=\u00bb\u00bb max_width_phone=\u00bb\u00bb max_width_last_edited=\u00bbon|tablet\u00bb module_alignment=\u00bbcenter\u00bb custom_margin=\u00bb0px||20px||false|false\u00bb custom_margin_tablet=\u00bb||30px||false|false\u00bb custom_margin_phone=\u00bb||30px||false|false\u00bb custom_margin_last_edited=\u00bbon|tablet\u00bb custom_padding=\u00bb0px||0px||false|false\u00bb custom_padding_tablet=\u00bb0|0px|0px|0px|false|false\u00bb custom_padding_phone=\u00bb0|0px|0px|0px|false|false\u00bb locked=\u00bboff\u00bb global_colors_info=\u00bb{}\u00bb theme_builder_area=\u00bbpost_content\u00bb][et_pb_column type=\u00bb1_2&#8243; module_id=\u00bbbacocho\u00bb _builder_version=\u00bb4.27.4&#8243; custom_padding=\u00bb|||\u00bb global_colors_info=\u00bb{}\u00bb custom_padding__hover=\u00bb|||\u00bb custom_css_main_element_last_edited=\u00bbon|tablet\u00bb custom_css_main_element_tablet=\u00bbmax-width: 48%;||margin-right: 4%\u00bb custom_css_main_element_phone=\u00bbmax-width: 100%\u00bb theme_builder_area=\u00bbpost_content\u00bb][et_pb_blurb title=\u00bbBacocho\u00bb alt=\u00bbplaya coral en puerto escondido\u00bb module_id=\u00bbbacocho\u00bb _builder_version=\u00bb4.27.4&#8243; _module_preset=\u00bbdefault\u00bb header_font_size=\u00bb24px\u00bb body_font_size=\u00bb16px\u00bb global_colors_info=\u00bb{}\u00bb theme_builder_area=\u00bbpost_content\u00bb]<\/p>\n<p><a href=\"https:\/\/g.co\/kgs\/hE3iwK9\">Playa Bacocho<\/a> se encuentra a 15 minutos a pie de Zandoyo y es ideal para caminar y contemplar la puesta de sol. Las corrientes pueden ser fuertes y no hay salvavidas, por lo que no se recomienda nadar. Aqu\u00ed se encuentran dos clubes de playa, Coco&#8217;s y Bacocho (antes Villasol), as\u00ed como uno de los centros de liberaci\u00f3n de tortugas de la regi\u00f3n. Por una peque\u00f1a tarifa, los visitantes pueden participar en las liberaciones casi diarias de cr\u00edas de tortuga al atardecer.<\/p>\n<p>[\/et_pb_blurb][\/et_pb_column][et_pb_column type=\u00bb1_2&#8243; module_id=\u00bbmanzanillo\u00bb _builder_version=\u00bb4.27.4&#8243; _module_preset=\u00bbdefault\u00bb custom_css_main_element=\u00bbmax-width: 100%\u00bb global_colors_info=\u00bb{}\u00bb custom_css_main_element_last_edited=\u00bbon|tablet\u00bb custom_css_main_element_tablet=\u00bbmax-width: 48%;\u00bb custom_css_main_element_phone=\u00bbmax-width: 108%;\u00bb theme_builder_area=\u00bbpost_content\u00bb][et_pb_blurb title=\u00bbManzanillo &amp; Angelito\u00bb alt=\u00bbplaya coral en puerto escondido\u00bb module_id=\u00bbmanzanillo\u00bb _builder_version=\u00bb4.27.4&#8243; _module_preset=\u00bbdefault\u00bb header_font_size=\u00bb24px\u00bb body_font_size=\u00bb16px\u00bb global_colors_info=\u00bb{}\u00bb theme_builder_area=\u00bbpost_content\u00bb]A unos 20 minutos de Zandoyo se encuentran Manzanillo y Puerto Angelito, uno al lado del otro y separados por un paseo peatonal. Las playas son populares para nadar y bucear con esn\u00f3rquel, y hay numerosos restaurantes con palapas en la playa. Se puede llegar a Puerto Angelito por carretera (Camino a Puerto Angelito), mientras que a Manzanillo se accede por las escaleras ubicadas al final de la Calle 5a Sur.[\/et_pb_blurb][\/et_pb_column][\/et_pb_row][et_pb_row column_structure=\u00bb1_2,1_2&#8243; use_custom_gutter=\u00bbon\u00bb gutter_width=\u00bb4&#8243; custom_padding_last_edited=\u00bbon|tablet\u00bb _builder_version=\u00bb4.26.0&#8243; width_tablet=\u00bb90%\u00bb width_phone=\u00bb90%\u00bb width_last_edited=\u00bbon|phone\u00bb max_width_tablet=\u00bb\u00bb max_width_phone=\u00bb\u00bb max_width_last_edited=\u00bbon|tablet\u00bb module_alignment=\u00bbcenter\u00bb custom_margin_tablet=\u00bb||30px||false|false\u00bb custom_margin_phone=\u00bb||30px||false|false\u00bb custom_margin_last_edited=\u00bbon|tablet\u00bb custom_padding=\u00bb0||27px||false|false\u00bb custom_padding_tablet=\u00bb0|0px|0px|0px|false|false\u00bb custom_padding_phone=\u00bb0|0px|0px|0px|false|false\u00bb locked=\u00bboff\u00bb global_colors_info=\u00bb{}\u00bb theme_builder_area=\u00bbpost_content\u00bb][et_pb_column type=\u00bb1_2&#8243; _builder_version=\u00bb4.26.0&#8243; custom_padding=\u00bb|||\u00bb global_colors_info=\u00bb{}\u00bb custom_padding__hover=\u00bb|||\u00bb custom_css_main_element_last_edited=\u00bbon|tablet\u00bb custom_css_main_element_tablet=\u00bbmax-width: 48%;||margin-right: 4%\u00bb custom_css_main_element_phone=\u00bbmax-width: 100%\u00bb theme_builder_area=\u00bbpost_content\u00bb][et_pb_blurb title=\u00bbPrincipal &amp; Marinero\u00bb alt=\u00bbplaya coral en puerto escondido\u00bb module_id=\u00bbprincipal\u00bb _builder_version=\u00bb4.27.4&#8243; _module_preset=\u00bbdefault\u00bb header_font_size=\u00bb24px\u00bb body_font_size=\u00bb16px\u00bb global_colors_info=\u00bb{}\u00bb theme_builder_area=\u00bbpost_content\u00bb]<\/p>\n<p>A media hora a pie de Zandoyo se encuentran Playa Principal y Marinero, ubicadas una al lado de la otra bajo el Adoqu\u00edn, una zona comercial con varios hoteles y restaurantes. Ambas playas son populares por su f\u00e1cil acceso.<\/p>\n<p>[\/et_pb_blurb][\/et_pb_column][et_pb_column type=\u00bb1_2&#8243; _builder_version=\u00bb4.26.0&#8243; _module_preset=\u00bbdefault\u00bb custom_css_main_element=\u00bbmax-width: 100%\u00bb global_colors_info=\u00bb{}\u00bb custom_css_main_element_last_edited=\u00bbon|tablet\u00bb custom_css_main_element_tablet=\u00bbmax-width: 48%;\u00bb custom_css_main_element_phone=\u00bbmax-width: 108%;\u00bb theme_builder_area=\u00bbpost_content\u00bb][et_pb_blurb title=\u00bbLa Punta\u00bb alt=\u00bbplaya coral en puerto escondido\u00bb module_id=\u00bblapunta\u00bb _builder_version=\u00bb4.27.4&#8243; _module_preset=\u00bbdefault\u00bb header_font_size=\u00bb24px\u00bb body_font_size=\u00bb16px\u00bb global_colors_info=\u00bb{}\u00bb theme_builder_area=\u00bbpost_content\u00bb]<\/p>\n<p>En el extremo este de la playa Zicatela ha surgido una comunidad un tanto bohemia. La Punta ofrece una playa para nadadores y surfistas novatos y un ambiente relajado. En el pueblo de La Punta hay innumerables restaurantes, bares y hoteles que atienden a una multitud internacional de surfistas, n\u00f3madas digitales y mochileros.<\/p>\n<p>[\/et_pb_blurb][\/et_pb_column][\/et_pb_row][et_pb_row column_structure=\u00bb1_2,1_2&#8243; use_custom_gutter=\u00bbon\u00bb gutter_width=\u00bb4&#8243; custom_padding_last_edited=\u00bbon|tablet\u00bb _builder_version=\u00bb4.26.0&#8243; width_tablet=\u00bb90%\u00bb width_phone=\u00bb90%\u00bb width_last_edited=\u00bbon|phone\u00bb max_width_tablet=\u00bb\u00bb max_width_phone=\u00bb\u00bb max_width_last_edited=\u00bbon|tablet\u00bb module_alignment=\u00bbcenter\u00bb custom_margin_tablet=\u00bb\u00bb custom_margin_phone=\u00bb||22px||false|false\u00bb custom_margin_last_edited=\u00bbon|phone\u00bb custom_padding=\u00bb0||27px||false|false\u00bb custom_padding_tablet=\u00bb0|0px|0px|0px|false|false\u00bb custom_padding_phone=\u00bb0|0px|0px|0px|false|false\u00bb locked=\u00bboff\u00bb global_colors_info=\u00bb{}\u00bb theme_builder_area=\u00bbpost_content\u00bb][et_pb_column type=\u00bb1_2&#8243; _builder_version=\u00bb4.26.0&#8243; custom_padding=\u00bb|||\u00bb global_colors_info=\u00bb{}\u00bb custom_padding__hover=\u00bb|||\u00bb custom_css_main_element_last_edited=\u00bbon|tablet\u00bb custom_css_main_element_tablet=\u00bbmax-width: 48%;||margin-right: 4%\u00bb custom_css_main_element_phone=\u00bbmax-width: 100%\u00bb theme_builder_area=\u00bbpost_content\u00bb][et_pb_blurb title=\u00bbZicatela\u00bb alt=\u00bbplaya coral en puerto escondido\u00bb module_id=\u00bbzicatela\u00bb _builder_version=\u00bb4.27.4&#8243; _module_preset=\u00bbdefault\u00bb header_font_size=\u00bb24px\u00bb body_font_size=\u00bb16px\u00bb global_colors_info=\u00bb{}\u00bb theme_builder_area=\u00bbpost_content\u00bb]<\/p>\n<p>Esta playa es uno de los 10 mejores destinos para practicar surf en el mundo y no se recomienda para nadar. Solo los surfistas experimentados deber\u00edan aventurarse en las olas. Ubicada a una hora a pie de Zandoyo, la Playa Zicatela de 3,5 km de longitud est\u00e1 bordeada al oeste por Playa Marinero y al este por La Punta. La playa est\u00e1 llena de numerosos restaurantes de palapa y bares de playa, que son lugares populares para relajarse y observar las olas y los surfistas.<\/p>\n<p>[\/et_pb_blurb][\/et_pb_column][et_pb_column type=\u00bb1_2&#8243; _builder_version=\u00bb4.27.4&#8243; _module_preset=\u00bbdefault\u00bb global_colors_info=\u00bb{}\u00bb theme_builder_area=\u00bbpost_content\u00bb][et_pb_blurb title=\u00bbFuera de la ciudad\u00bb alt=\u00bbplaya coral en puerto escondido\u00bb module_id=\u00bboutside\u00bb _builder_version=\u00bb4.27.4&#8243; _module_preset=\u00bbdefault\u00bb header_font_size=\u00bb24px\u00bb body_font_size=\u00bb16px\u00bb global_colors_info=\u00bb{}\u00bb theme_builder_area=\u00bbpost_content\u00bb]<\/p>\n<p>Adem\u00e1s de las playas en Puerto Escondido hay otros como Roca Blanca al oeste y Agua Blanca al este. Si no tienes auto, puedes llegar a cualquiera de ellas en colectivos o taxis. M\u00e1s adelante, por la carretera, m\u00e1s all\u00e1 de Agua Blanca, se encuentran las playas de Mazunte, San Agustinillo y Zipolite (la \u00fanica playa nudista oficial de M\u00e9xico).<\/p>\n<p>[\/et_pb_blurb][\/et_pb_column][\/et_pb_row][et_pb_row column_structure=\u00bb1_2,1_2&#8243; use_custom_gutter=\u00bbon\u00bb gutter_width=\u00bb4&#8243; custom_padding_last_edited=\u00bbon|tablet\u00bb _builder_version=\u00bb4.27.4&#8243; width_tablet=\u00bb90%\u00bb width_phone=\u00bb90%\u00bb width_last_edited=\u00bbon|phone\u00bb max_width_tablet=\u00bb\u00bb max_width_phone=\u00bb\u00bb max_width_last_edited=\u00bbon|tablet\u00bb module_alignment=\u00bbcenter\u00bb custom_margin_tablet=\u00bb\u00bb custom_margin_phone=\u00bb||22px||false|false\u00bb custom_margin_last_edited=\u00bbon|phone\u00bb custom_padding=\u00bb0||27px||false|false\u00bb custom_padding_tablet=\u00bb0|0px|0px|0px|false|false\u00bb custom_padding_phone=\u00bb0|0px|0px|0px|false|false\u00bb locked=\u00bboff\u00bb global_colors_info=\u00bb{}\u00bb theme_builder_area=\u00bbpost_content\u00bb][et_pb_column type=\u00bb1_2&#8243; module_id=\u00bbpool\u00bb _builder_version=\u00bb4.27.4&#8243; custom_padding=\u00bb|||\u00bb global_colors_info=\u00bb{}\u00bb custom_padding__hover=\u00bb|||\u00bb custom_css_main_element_last_edited=\u00bbon|tablet\u00bb custom_css_main_element_tablet=\u00bbmax-width: 48%;||margin-right: 4%\u00bb custom_css_main_element_phone=\u00bbmax-width: 100%\u00bb theme_builder_area=\u00bbpost_content\u00bb][et_pb_image src=\u00bbhttps:\/\/zandoyo.com\/wp-content\/uploads\/2025\/08\/pool-july-1.jpg\u00bb alt=\u00bbla alberca en zandoyo\u00bb title_text=\u00bbpool-july\u00bb _builder_version=\u00bb4.27.4&#8243; _module_preset=\u00bbdefault\u00bb global_colors_info=\u00bb{}\u00bb theme_builder_area=\u00bbpost_content\u00bb][\/et_pb_image][\/et_pb_column][et_pb_column type=\u00bb1_2&#8243; _builder_version=\u00bb4.26.0&#8243; _module_preset=\u00bbdefault\u00bb custom_css_main_element=\u00bbmax-width: 100%\u00bb global_colors_info=\u00bb{}\u00bb custom_css_main_element_last_edited=\u00bbon|tablet\u00bb custom_css_main_element_tablet=\u00bbmax-width: 48%;\u00bb custom_css_main_element_phone=\u00bbmax-width: 108%;\u00bb theme_builder_area=\u00bbpost_content\u00bb][et_pb_blurb title=\u00bbLa alberca en Zandoyo\u00bb alt=\u00bbplaya coral en puerto escondido\u00bb _builder_version=\u00bb4.27.4&#8243; _module_preset=\u00bbdefault\u00bb header_font_size=\u00bb24px\u00bb body_font_size=\u00bb16px\u00bb global_colors_info=\u00bb{}\u00bb theme_builder_area=\u00bbpost_content\u00bb]<\/p>\n<p>Las playas en Puerto Escondido son el principal atractivo, pero la alberca de Zandoyo tiene sus ventajas. Las playas m\u00e1s cercanas para nadar pueden ser de dif\u00edcil acceso para personas con movilidad reducida. La alberca se encuentra a pocos pasos de nuestras habitaciones y, aunque no ofrecemos servicio de bar ni de comida, la cocina compartida para hu\u00e9spedes est\u00e1 junto al patio de la alberca. Es una alberca grande, de 4.5 x 8 metros (15 x 25 pies). La temperatura promedio es de 28 \u00b0C (82 \u00b0F), ligeramente inferior a la del agua de mar, que es de 29 \u00b0C (84 \u00b0F).<\/p>\n<p>[\/et_pb_blurb][\/et_pb_column][\/et_pb_row][\/et_pb_section]<\/p>\n","protected":false},"excerpt":{"rendered":"<p>Hay muchas playas en Puerto Escondido y algunas est\u00e1n cerca del hotel Zandoyo Bed and Breakfast. Adem\u00e1s, la piscina de nuestro hotel est\u00e1 a solo unos pasos de nuestras habitaciones.<\/p>\n","protected":false},"author":1,"featured_media":0,"parent":0,"menu_order":0,"comment_status":"closed","ping_status":"closed","template":"","meta":{"_et_pb_use_builder":"on","_et_pb_old_content":"","_et_gb_content_width":"","wprm-recipe-roundup-name":"","wprm-recipe-roundup-description":"","footnotes":""},"class_list":["post-987512926","page","type-page","status-publish","hentry"],"_links":{"self":[{"href":"https:\/\/zandoyo.com\/es\/wp-json\/wp\/v2\/pages\/987512926","targetHints":{"allow":["GET"]}}],"collection":[{"href":"https:\/\/zandoyo.com\/es\/wp-json\/wp\/v2\/pages"}],"about":[{"href":"https:\/\/zandoyo.com\/es\/wp-json\/wp\/v2\/types\/page"}],"author":[{"embeddable":true,"href":"https:\/\/zandoyo.com\/es\/wp-json\/wp\/v2\/users\/1"}],"replies":[{"embeddable":true,"href":"https:\/\/zandoyo.com\/es\/wp-json\/wp\/v2\/comments?post=987512926"}],"version-history":[{"count":0,"href":"https:\/\/zandoyo.com\/es\/wp-json\/wp\/v2\/pages\/987512926\/revisions"}],"wp:attachment":[{"href":"https:\/\/zandoyo.com\/es\/wp-json\/wp\/v2\/media?parent=987512926"}],"curies":[{"name":"wp","href":"https:\/\/api.w.org\/{rel}","templated":true}]}}