{"id":987513913,"date":"2025-08-15T15:24:27","date_gmt":"2025-08-15T21:24:27","guid":{"rendered":"https:\/\/zandoyo.com\/tours\/"},"modified":"2025-08-25T15:44:40","modified_gmt":"2025-08-25T21:44:40","slug":"puerto-escondido-tours","status":"publish","type":"page","link":"https:\/\/zandoyo.com\/es\/puerto-escondido-tours\/","title":{"rendered":"Puerto Escondido tours"},"content":{"rendered":"<p>[et_pb_section fb_built=\u00bb1&#8243; custom_padding_last_edited=\u00bbon|tablet\u00bb _builder_version=\u00bb4.27.4&#8243; _module_preset=\u00bbdefault\u00bb use_background_color_gradient=\u00bbon\u00bb background_color_gradient_direction=\u00bb360deg\u00bb background_color_gradient_stops=\u00bb#ffffff 0%|rgba(255, 255, 255, 0.34) 29%|rgba(255,255,255,0) 100%\u00bb background_color_gradient_overlays_image=\u00bbon\u00bb background_image=\u00bbhttps:\/\/zandoyo.com\/wp-content\/uploads\/2025\/08\/marinetour1.jpg\u00bb background_enable_video_mp4=\u00bboff\u00bb min_height=\u00bb500px\u00bb min_height_tablet=\u00bb275px\u00bb min_height_phone=\u00bb222px\u00bb min_height_last_edited=\u00bbon|desktop\u00bb height_tablet=\u00bb\u00bb height_phone=\u00bb50px\u00bb height_last_edited=\u00bbon|phone\u00bb max_height=\u00bb100px\u00bb custom_margin_tablet=\u00bb\u00bb custom_margin_phone=\u00bb\u00bb custom_margin_last_edited=\u00bbon|tablet\u00bb custom_padding=\u00bb20px||||false|false\u00bb custom_padding_tablet=\u00bb10px|0px|0px|0px|false|false\u00bb custom_padding_phone=\u00bb0px|0px||0px|false|false\u00bb global_colors_info=\u00bb{}\u00bb][\/et_pb_section][et_pb_section fb_built=\u00bb1&#8243; _builder_version=\u00bb4.27.4&#8243; _module_preset=\u00bbdefault\u00bb custom_padding=\u00bb10px|10px|10px|10px|true|true\u00bb global_colors_info=\u00bb{}\u00bb][et_pb_row custom_padding_last_edited=\u00bbon|tablet\u00bb _builder_version=\u00bb4.27.4&#8243; _module_preset=\u00bbdefault\u00bb width_tablet=\u00bb90%\u00bb width_phone=\u00bb95%\u00bb width_last_edited=\u00bbon|phone\u00bb custom_margin=\u00bb||0px||false|false\u00bb custom_padding=\u00bb0px||0px||false|false\u00bb custom_padding_tablet=\u00bb10px||0px||false|false\u00bb custom_padding_phone=\u00bb0px||||false|false\u00bb global_colors_info=\u00bb{}\u00bb][et_pb_column type=\u00bb4_4&#8243; _builder_version=\u00bb4.27.0&#8243; _module_preset=\u00bbdefault\u00bb global_colors_info=\u00bb{}\u00bb][et_pb_text _builder_version=\u00bb4.27.4&#8243; _module_preset=\u00bbdefault\u00bb header_font=\u00bbRaleway|700|||||||\u00bb header_text_color=\u00bb#000000&#8243; header_font_size=\u00bb48px\u00bb custom_padding_tablet=\u00bb\u00bb custom_padding_phone=\u00bb0px||||false|false\u00bb custom_padding_last_edited=\u00bbon|phone\u00bb header_font_tablet=\u00bbAlbert Sans||||||||\u00bb header_font_phone=\u00bbRaleway|600|||||||\u00bb header_font_last_edited=\u00bbon|phone\u00bb header_font_size_tablet=\u00bb38px\u00bb header_font_size_phone=\u00bb32px\u00bb header_font_size_last_edited=\u00bbon|tablet\u00bb header_line_height_tablet=\u00bb\u00bb header_line_height_phone=\u00bb1.3em\u00bb header_line_height_last_edited=\u00bbon|phone\u00bb locked=\u00bboff\u00bb global_colors_info=\u00bb{}\u00bb]<\/p>\n<h1>Tours en Puerto Escondido<\/h1>\n<p>[\/et_pb_text][\/et_pb_column][\/et_pb_row][et_pb_row column_structure=\u00bb1_2,1_2&#8243; use_custom_gutter=\u00bbon\u00bb gutter_width=\u00bb2&#8243; custom_padding_last_edited=\u00bbon|phone\u00bb _builder_version=\u00bb4.27.4&#8243; _module_preset=\u00bbdefault\u00bb width_tablet=\u00bb\u00bb width_phone=\u00bb100%\u00bb width_last_edited=\u00bbon|desktop\u00bb max_width=\u00bb2560px\u00bb max_width_tablet=\u00bb2560px\u00bb max_width_phone=\u00bb\u00bb max_width_last_edited=\u00bbon|phone\u00bb custom_margin_tablet=\u00bb\u00bb custom_margin_phone=\u00bb|10px||10px|false|true\u00bb custom_margin_last_edited=\u00bbon|phone\u00bb custom_padding=\u00bb||||false|false\u00bb custom_padding_tablet=\u00bb||||false|false\u00bb custom_padding_phone=\u00bb|10px|||false|false\u00bb global_colors_info=\u00bb{}\u00bb][et_pb_column type=\u00bb1_2&#8243; _builder_version=\u00bb4.27.4&#8243; _module_preset=\u00bbdefault\u00bb global_colors_info=\u00bb{}\u00bb][et_pb_text content_tablet=\u00bb<\/p>\n<p><span style=%22font-weight: 400;%22>Si prefieres las emociones fuertes, prueba las actividades acu\u00e1ticas extremas o el surf en Zicatela. Para una experiencia cultural, los tours de mezcal y gastronom\u00eda te acercan al coraz\u00f3n de Oaxaca. Y si te atraen los paisajes nocturnos, considera un tour de bioluminiscencia en las lagunas de Manialtepec o Chacahua.<\/span><\/p>\n<p>\u00bb content_phone=\u00bb<\/p>\n<p><span style=%22font-weight: 400;%22>Si prefieres las emociones fuertes, prueba las actividades acu\u00e1ticas extremas o el surf en Zicatela. Para una experiencia cultural, los tours de mezcal y gastronom\u00eda te acercan al coraz\u00f3n de Oaxaca. Y si te atraen los paisajes nocturnos, considera un tour de bioluminiscencia en las lagunas de Manialtepec o Chacahua.<\/span><\/p>\n<p>\u00bb content_last_edited=\u00bbon|phone\u00bb _builder_version=\u00bb4.27.4&#8243; _module_preset=\u00bbdefault\u00bb text_font=\u00bb&#8211;et_global_body_font|500|||||||\u00bb text_font_size=\u00bb25px\u00bb text_line_height=\u00bb1.8em\u00bb text_font_size_tablet=\u00bb25px\u00bb text_font_size_phone=\u00bb18px\u00bb text_font_size_last_edited=\u00bbon|phone\u00bb global_colors_info=\u00bb{}\u00bb]<\/p>\n<p>Puerto Escondido ofrece una encantadora combinaci\u00f3n de naturaleza, cultura y aventura. Si buscas relajarte y conectar con el medio ambiente, elige entre varios tours en Puerto Escondido: visita las lagunas, participa en la liberaci\u00f3n de tortugas o haz un tour de snorkel o kayak.<\/p>\n<p>[\/et_pb_text][\/et_pb_column][et_pb_column type=\u00bb1_2&#8243; _builder_version=\u00bb4.27.4&#8243; _module_preset=\u00bbdefault\u00bb global_colors_info=\u00bb{}\u00bb][et_pb_text _builder_version=\u00bb4.27.4&#8243; _module_preset=\u00bbdefault\u00bb text_font=\u00bb&#8211;et_global_body_font|500|||||||\u00bb text_font_size=\u00bb24px\u00bb text_line_height=\u00bb1.8em\u00bb text_font_size_tablet=\u00bb24px\u00bb text_font_size_phone=\u00bb18px\u00bb text_font_size_last_edited=\u00bbon|desktop\u00bb global_colors_info=\u00bb{}\u00bb]<\/p>\n<p>Si prefieres las emociones fuertes, prueba las actividades acu\u00e1ticas extremas o el surf en Zicatela. Para una experiencia cultural, los tours de mezcal y gastronom\u00eda te acercan al coraz\u00f3n de Oaxaca. Y si te atraen los paisajes nocturnos, considera un tour de bioluminiscencia en las lagunas de Manialtepec o Chacahua.<\/p>\n<p>[\/et_pb_text][\/et_pb_column][\/et_pb_row][\/et_pb_section][et_pb_section fb_built=\u00bb1&#8243; _builder_version=\u00bb4.27.4&#8243; _module_preset=\u00bbdefault\u00bb width=\u00bb100%\u00bb module_alignment=\u00bbcenter\u00bb custom_margin=\u00bb||||false|false\u00bb custom_padding=\u00bb10px||10px||false|true\u00bb border_color_all=\u00bb#2040B3&#8243; global_colors_info=\u00bb{}\u00bb][et_pb_row column_structure=\u00bb3_5,2_5&#8243; custom_padding_last_edited=\u00bbon|phone\u00bb _builder_version=\u00bb4.27.4&#8243; _module_preset=\u00bbdefault\u00bb width=\u00bb90%\u00bb custom_padding=\u00bb16px|16px|16px|16px|true|true\u00bb custom_padding_tablet=\u00bb16px|16px|16px|16px|true|true\u00bb custom_padding_phone=\u00bb16px|0px|16px|0px|true|false\u00bb border_color_all=\u00bb#2040B3&#8243; border_style_all=\u00bbnone\u00bb global_colors_info=\u00bb{}\u00bb][et_pb_column type=\u00bb3_5&#8243; _builder_version=\u00bb4.27.4&#8243; _module_preset=\u00bbdefault\u00bb global_colors_info=\u00bb{}\u00bb]<\/p>\n<p>[et_pb_video src=\u00bbhttps:\/\/youtu.be\/SETvGGoZL9o\u00bb _builder_version=\u00bb4.27.4&#8243; _module_preset=\u00bbdefault\u00bb global_colors_info=\u00bb{}\u00bb theme_builder_area=\u00bbpost_content\u00bb][\/et_pb_video]<\/p>\n<p>[\/et_pb_column][et_pb_column type=\u00bb2_5&#8243; _builder_version=\u00bb4.27.4&#8243; _module_preset=\u00bbdefault\u00bb global_colors_info=\u00bb{}\u00bb][et_pb_heading title=\u00bbRecorrido por la fauna marina\u00bb _builder_version=\u00bb4.27.4&#8243; _module_preset=\u00bbdefault\u00bb title_level=\u00bbh2&#8243; title_font_size=\u00bb40px\u00bb custom_margin=\u00bb0px||0px||false|false\u00bb title_font_size_tablet=\u00bb40px\u00bb title_font_size_phone=\u00bb30px\u00bb title_font_size_last_edited=\u00bbon|phone\u00bb global_colors_info=\u00bb{}\u00bb][\/et_pb_heading][et_pb_text _builder_version=\u00bb4.27.4&#8243; _module_preset=\u00bbdefault\u00bb text_font_size=\u00bb20px\u00bb custom_margin=\u00bb||10px||false|false\u00bb custom_margin_tablet=\u00bb||10px||false|false\u00bb custom_margin_phone=\u00bb||10px||false|false\u00bb custom_margin_last_edited=\u00bbon|desktop\u00bb text_font_size_tablet=\u00bb20px\u00bb text_font_size_phone=\u00bb18px\u00bb text_font_size_last_edited=\u00bbon|phone\u00bb text_line_height_tablet=\u00bb\u00bb text_line_height_phone=\u00bb\u00bb text_line_height_last_edited=\u00bbon|desktop\u00bb global_colors_info=\u00bb{}\u00bb]Su gu\u00eda lo recoger\u00e1 en Zandoyo y lo llevar\u00e1 a Puerto Angelito para comenzar la aventura. Generalmente, se pueden avistar delfines y tortugas, y posiblemente mantarrayas. Las ballenas jorobadas se pueden avistar de diciembre a marzo.[\/et_pb_text][et_pb_text _builder_version=\u00bb4.27.4&#8243; _module_preset=\u00bbdefault\u00bb text_font_size=\u00bb20px\u00bb custom_margin=\u00bb||0px||false|false\u00bb text_font_size_tablet=\u00bb20px\u00bb text_font_size_phone=\u00bb18px\u00bb text_font_size_last_edited=\u00bbon|phone\u00bb global_colors_info=\u00bb{}\u00bb]<\/p>\n<ul>\n<li style=\"text-align: left;\">Duraci\u00f3n del tour: aproximadamente 3 horas.<\/li>\n<li style=\"text-align: left;\">Hora de recogida: de 6:30 a 6:45 am<\/li>\n<\/ul>\n<p>[\/et_pb_text][et_pb_heading title=\u00bbPrecio por persona: MXN $800&#8243; _builder_version=\u00bb4.27.4&#8243; _module_preset=\u00bbdefault\u00bb title_level=\u00bbh2&#8243; title_font=\u00bb|600|||||||\u00bb title_text_align=\u00bbcenter\u00bb custom_margin=\u00bb||0px||false|false\u00bb global_colors_info=\u00bb{}\u00bb][\/et_pb_heading][et_pb_text _builder_version=\u00bb4.27.4&#8243; _module_preset=\u00bbdefault\u00bb text_font=\u00bb||on||||||\u00bb text_font_size=\u00bb20px\u00bb text_orientation=\u00bbcenter\u00bb custom_margin=\u00bb0px||0px||false|false\u00bb custom_padding=\u00bb0px||0px||false|false\u00bb text_font_size_tablet=\u00bb20px\u00bb text_font_size_phone=\u00bb18px\u00bb text_font_size_last_edited=\u00bbon|desktop\u00bb global_colors_info=\u00bb{}\u00bb]<\/p>\n<p>Incluye recogida y devoluci\u00f3n en Zandoyo, botella de agua.<\/p>\n<p>[\/et_pb_text][et_pb_text _builder_version=\u00bb4.27.4&#8243; _module_preset=\u00bbdefault\u00bb text_font=\u00bb||on||||||\u00bb text_font_size=\u00bb20px\u00bb text_line_height=\u00bb1.2em\u00bb text_orientation=\u00bbcenter\u00bb custom_margin=\u00bb10px||0px||false|false\u00bb custom_padding=\u00bb0px||0px||false|false\u00bb text_font_size_tablet=\u00bb20px\u00bb text_font_size_phone=\u00bb18px\u00bb text_font_size_last_edited=\u00bbon|desktop\u00bb global_colors_info=\u00bb{}\u00bb]<\/p>\n<p>Puedes reservar tu tour a tu llegada o al hacer la reserva de la habitaci\u00f3n.<\/p>\n<p>[\/et_pb_text][et_pb_heading title=\u00bbRESERVACIONES\u00bb url=\u00bbhttps:\/\/hotels.cloudbeds.com\/reservation\/onMhKV\u00bb _builder_version=\u00bb4.27.4&#8243; _module_preset=\u00bbdefault\u00bb title_level=\u00bbh2&#8243; title_font=\u00bb|700|||||||\u00bb title_text_align=\u00bbcenter\u00bb title_text_color=\u00bb#FFFFFF\u00bb title_font_size=\u00bb21px\u00bb title_line_height=\u00bb0.9em\u00bb background_color=\u00bb#379b48&#8243; custom_margin=\u00bb12px||||false|false\u00bb custom_margin_tablet=\u00bb12px||||false|false\u00bb custom_margin_phone=\u00bb12px|22px||22px|false|false\u00bb custom_margin_last_edited=\u00bbon|phone\u00bb custom_padding=\u00bb5px||0px||false|false\u00bb title_font_size_tablet=\u00bb21px\u00bb title_font_size_phone=\u00bb16px\u00bb title_font_size_last_edited=\u00bbon|phone\u00bb title_line_height_tablet=\u00bb0.9em\u00bb title_line_height_phone=\u00bb0.7em\u00bb title_line_height_last_edited=\u00bbon|phone\u00bb border_radii=\u00bbon|10px|10px|10px|10px\u00bb global_colors_info=\u00bb{}\u00bb][\/et_pb_heading][\/et_pb_column][\/et_pb_row][et_pb_row _builder_version=\u00bb4.27.4&#8243; _module_preset=\u00bbdefault\u00bb border_width_bottom=\u00bb2px\u00bb border_color_bottom=\u00bb#2040B3&#8243; locked=\u00bboff\u00bb global_colors_info=\u00bb{}\u00bb][et_pb_column type=\u00bb4_4&#8243; _builder_version=\u00bb4.27.4&#8243; _module_preset=\u00bbdefault\u00bb global_colors_info=\u00bb{}\u00bb]<\/p>\n<p>[et_pb_gallery gallery_ids=\u00bb987513905,987513907,987513909,987513911&#8243; show_title_and_caption=\u00bboff\u00bb show_pagination=\u00bboff\u00bb _builder_version=\u00bb4.27.4&#8243; _module_preset=\u00bbdefault\u00bb global_colors_info=\u00bb{}\u00bb theme_builder_area=\u00bbpost_content\u00bb][\/et_pb_gallery]<\/p>\n<p>[\/et_pb_column][\/et_pb_row][et_pb_row column_structure=\u00bb3_5,2_5&#8243; custom_padding_last_edited=\u00bbon|phone\u00bb _builder_version=\u00bb4.27.4&#8243; _module_preset=\u00bbdefault\u00bb width=\u00bb90%\u00bb custom_padding=\u00bb16px|16px|16px|16px|true|true\u00bb custom_padding_tablet=\u00bb16px|16px|16px|16px|true|true\u00bb custom_padding_phone=\u00bb16px|0px|16px|0px|true|false\u00bb border_color_all=\u00bb#2040B3&#8243; border_style_all=\u00bbnone\u00bb global_colors_info=\u00bb{}\u00bb][et_pb_column type=\u00bb3_5&#8243; _builder_version=\u00bb4.27.4&#8243; _module_preset=\u00bbdefault\u00bb global_colors_info=\u00bb{}\u00bb][et_pb_image src=\u00bbhttps:\/\/zandoyo.com\/wp-content\/uploads\/2025\/08\/girl.jpg\u00bb alt=\u00bbliberacion de tortugas en puerto escondido\u00bb title_text=\u00bbgirl\u00bb _builder_version=\u00bb4.27.4&#8243; _module_preset=\u00bbdefault\u00bb global_colors_info=\u00bb{}\u00bb][\/et_pb_image][\/et_pb_column][et_pb_column type=\u00bb2_5&#8243; _builder_version=\u00bb4.27.4&#8243; _module_preset=\u00bbdefault\u00bb global_colors_info=\u00bb{}\u00bb][et_pb_heading title=\u00bbLiberaci\u00f3n de tortugas\u00bb _builder_version=\u00bb4.27.4&#8243; _module_preset=\u00bbdefault\u00bb title_level=\u00bbh2&#8243; title_font_size=\u00bb40px\u00bb custom_margin=\u00bb0px||0px||false|false\u00bb title_font_size_tablet=\u00bb40px\u00bb title_font_size_phone=\u00bb30px\u00bb title_font_size_last_edited=\u00bbon|phone\u00bb global_colors_info=\u00bb{}\u00bb][\/et_pb_heading][et_pb_text _builder_version=\u00bb4.27.4&#8243; _module_preset=\u00bbdefault\u00bb text_font_size=\u00bb20px\u00bb custom_margin=\u00bb||10px||false|false\u00bb custom_margin_tablet=\u00bb||10px||false|false\u00bb custom_margin_phone=\u00bb||10px||false|false\u00bb custom_margin_last_edited=\u00bbon|desktop\u00bb text_font_size_tablet=\u00bb20px\u00bb text_font_size_phone=\u00bb18px\u00bb text_font_size_last_edited=\u00bbon|phone\u00bb text_line_height_tablet=\u00bb\u00bb text_line_height_phone=\u00bb\u00bb text_line_height_last_edited=\u00bbon|desktop\u00bb global_colors_info=\u00bb{}\u00bb]<\/p>\n<p><span style=\"font-weight: 400;\">Uno de los Puerto Escondido tours m\u00e1s populares es la liberaci\u00f3n de tortugas en el oc\u00e9ano. Los santuarios de tortugas en la costa de Oaxaca contribuyen a mejorar la tasa de supervivencia de las cr\u00edas, asegurando que la mayor cantidad posible llegue al mar. Los participantes reciben una breve charla sobre el comportamiento y la vida de las diferentes especies de tortugas marinas, as\u00ed como sobre el proceso de incubaci\u00f3n que conduce a su liberaci\u00f3n. Existe la posibilidad de que la tortuga que liberen regrese a esa misma playa dentro de 10 a\u00f1os para desovar.<\/span><\/p>\n<p>[\/et_pb_text][et_pb_text _builder_version=\u00bb4.27.4&#8243; _module_preset=\u00bbdefault\u00bb text_font_size=\u00bb20px\u00bb custom_margin=\u00bb||0px||false|false\u00bb text_font_size_tablet=\u00bb20px\u00bb text_font_size_phone=\u00bb18px\u00bb text_font_size_last_edited=\u00bbon|phone\u00bb global_colors_info=\u00bb{}\u00bb]<\/p>\n<ul>\n<li style=\"text-align: left;\">\n<p>Duraci\u00f3n del recorrido: approx. 2 horas y media<\/p>\n<\/li>\n<li style=\"text-align: left;\">\n<p><span style=\"font-weight: 400;\">Hora de salida: 5:00 pm<\/span><\/p>\n<\/li>\n<\/ul>\n<p>[\/et_pb_text][et_pb_heading title=\u00bbPrecio por persona: MXN $650&#8243; _builder_version=\u00bb4.27.4&#8243; _module_preset=\u00bbdefault\u00bb title_level=\u00bbh2&#8243; title_font=\u00bb|600|||||||\u00bb title_text_align=\u00bbcenter\u00bb custom_margin=\u00bb||0px||false|false\u00bb global_colors_info=\u00bb{}\u00bb][\/et_pb_heading][et_pb_text _builder_version=\u00bb4.27.4&#8243; _module_preset=\u00bbdefault\u00bb text_font=\u00bb||on||||||\u00bb text_font_size=\u00bb20px\u00bb text_orientation=\u00bbcenter\u00bb custom_margin=\u00bb0px||0px||false|false\u00bb custom_padding=\u00bb0px||0px||false|false\u00bb text_font_size_tablet=\u00bb20px\u00bb text_font_size_phone=\u00bb18px\u00bb text_font_size_last_edited=\u00bbon|desktop\u00bb global_colors_info=\u00bb{}\u00bb]<\/p>\n<p>Incluye recogida y devoluci\u00f3n en Zandoyo, botella de agua.<\/p>\n<p>[\/et_pb_text][et_pb_text _builder_version=\u00bb4.27.4&#8243; _module_preset=\u00bbdefault\u00bb text_font=\u00bb||on||||||\u00bb text_font_size=\u00bb20px\u00bb text_line_height=\u00bb1.2em\u00bb text_orientation=\u00bbcenter\u00bb custom_margin=\u00bb10px||0px||false|false\u00bb custom_padding=\u00bb0px||0px||false|false\u00bb text_font_size_tablet=\u00bb20px\u00bb text_font_size_phone=\u00bb18px\u00bb text_font_size_last_edited=\u00bbon|desktop\u00bb global_colors_info=\u00bb{}\u00bb]<\/p>\n<p>Puedes reservar tu tour a tu llegada o al hacer la reserva de la habitaci\u00f3n.<\/p>\n<p>[\/et_pb_text][et_pb_heading title=\u00bbRESERVACIONES\u00bb url=\u00bbhttps:\/\/hotels.cloudbeds.com\/reservation\/onMhKV\u00bb _builder_version=\u00bb4.27.4&#8243; _module_preset=\u00bbdefault\u00bb title_level=\u00bbh2&#8243; title_font=\u00bb|700|||||||\u00bb title_text_align=\u00bbcenter\u00bb title_text_color=\u00bb#FFFFFF\u00bb title_font_size=\u00bb21px\u00bb title_line_height=\u00bb0.9em\u00bb background_color=\u00bb#379b48&#8243; custom_margin=\u00bb12px||||false|false\u00bb custom_margin_tablet=\u00bb12px||||false|false\u00bb custom_margin_phone=\u00bb12px|22px||22px|false|false\u00bb custom_margin_last_edited=\u00bbon|phone\u00bb custom_padding=\u00bb5px||0px||false|false\u00bb title_font_size_tablet=\u00bb21px\u00bb title_font_size_phone=\u00bb16px\u00bb title_font_size_last_edited=\u00bbon|phone\u00bb title_line_height_tablet=\u00bb0.9em\u00bb title_line_height_phone=\u00bb0.7em\u00bb title_line_height_last_edited=\u00bbon|phone\u00bb border_radii=\u00bbon|10px|10px|10px|10px\u00bb global_colors_info=\u00bb{}\u00bb][\/et_pb_heading][\/et_pb_column][\/et_pb_row][et_pb_row _builder_version=\u00bb4.27.4&#8243; _module_preset=\u00bbdefault\u00bb global_colors_info=\u00bb{}\u00bb][et_pb_column type=\u00bb4_4&#8243; _builder_version=\u00bb4.27.4&#8243; _module_preset=\u00bbdefault\u00bb global_colors_info=\u00bb{}\u00bb]<\/p>\n<p>[et_pb_gallery _builder_version=\u00bb4.27.4&#8243; _module_preset=\u00bbdefault\u00bb gallery_ids=\u00bb987513932,987513936,987513938,987513934&#8243; hover_enabled=\u00bb0&#8243; sticky_enabled=\u00bb0&#8243; show_pagination=\u00bboff\u00bb show_title_and_caption=\u00bboff\u00bb][\/et_pb_gallery]<\/p>\n<p>[\/et_pb_column][\/et_pb_row][\/et_pb_section]<\/p>\n","protected":false},"excerpt":{"rendered":"<p>Tours en Puerto EscondidoPuerto Escondido ofrece una encantadora combinaci\u00f3n de naturaleza, cultura y aventura. Si buscas relajarte y conectar con el medio ambiente, elige entre varios tours en Puerto Escondido: visita las lagunas, participa en la liberaci\u00f3n de tortugas o haz un tour de snorkel o kayak.Si prefieres las emociones fuertes, prueba las actividades acu\u00e1ticas [&hellip;]<\/p>\n","protected":false},"author":1,"featured_media":0,"parent":0,"menu_order":0,"comment_status":"closed","ping_status":"closed","template":"","meta":{"_et_pb_use_builder":"on","_et_pb_old_content":"","_et_gb_content_width":"","wprm-recipe-roundup-name":"","wprm-recipe-roundup-description":"","footnotes":""},"class_list":["post-987513913","page","type-page","status-publish","hentry"],"_links":{"self":[{"href":"https:\/\/zandoyo.com\/es\/wp-json\/wp\/v2\/pages\/987513913","targetHints":{"allow":["GET"]}}],"collection":[{"href":"https:\/\/zandoyo.com\/es\/wp-json\/wp\/v2\/pages"}],"about":[{"href":"https:\/\/zandoyo.com\/es\/wp-json\/wp\/v2\/types\/page"}],"author":[{"embeddable":true,"href":"https:\/\/zandoyo.com\/es\/wp-json\/wp\/v2\/users\/1"}],"replies":[{"embeddable":true,"href":"https:\/\/zandoyo.com\/es\/wp-json\/wp\/v2\/comments?post=987513913"}],"version-history":[{"count":0,"href":"https:\/\/zandoyo.com\/es\/wp-json\/wp\/v2\/pages\/987513913\/revisions"}],"wp:attachment":[{"href":"https:\/\/zandoyo.com\/es\/wp-json\/wp\/v2\/media?parent=987513913"}],"curies":[{"name":"wp","href":"https:\/\/api.w.org\/{rel}","templated":true}]}}